{"id":644,"date":"2017-02-02T14:28:16","date_gmt":"2017-02-02T14:28:16","guid":{"rendered":"http:\/\/test.kriesi.at\/enfold-2017\/?page_id=644"},"modified":"2019-05-04T18:38:15","modified_gmt":"2019-05-04T18:38:15","slug":"team","status":"publish","type":"page","link":"https:\/\/indiveni.re\/it\/team\/","title":{"rendered":"Team"},"content":{"rendered":"\n<style type=\"text\/css\" data-created_by=\"avia_inline_auto\" id=\"style-css-av-av_heading-6865efd3c9944b6a3d79d0580b27b18e\">\n#top .av-special-heading.av-av_heading-6865efd3c9944b6a3d79d0580b27b18e{\npadding-bottom:15px;\ncolor:#000000;\nfont-size:40px;\n}\nbody .av-special-heading.av-av_heading-6865efd3c9944b6a3d79d0580b27b18e .av-special-heading-tag .heading-char{\nfont-size:25px;\n}\n#top #wrap_all .av-special-heading.av-av_heading-6865efd3c9944b6a3d79d0580b27b18e .av-special-heading-tag{\nfont-size:40px;\n}\n.av-special-heading.av-av_heading-6865efd3c9944b6a3d79d0580b27b18e .special-heading-inner-border{\nborder-color:#000000;\n}\n.av-special-heading.av-av_heading-6865efd3c9944b6a3d79d0580b27b18e .av-subheading{\nfont-size:15px;\n}\n\n@media only screen and (min-width: 480px) and (max-width: 767px){ \n#top #wrap_all .av-special-heading.av-av_heading-6865efd3c9944b6a3d79d0580b27b18e .av-special-heading-tag{\nfont-size:0.8em;\n}\n}\n\n@media only screen and (max-width: 479px){ \n#top #wrap_all .av-special-heading.av-av_heading-6865efd3c9944b6a3d79d0580b27b18e .av-special-heading-tag{\nfont-size:0.8em;\n}\n}\n<\/style>\n<div  class='av-special-heading av-av_heading-6865efd3c9944b6a3d79d0580b27b18e av-special-heading-h1 custom-color-heading blockquote modern-quote modern-centered  avia-builder-el-0  el_before_av_one_full  avia-builder-el-first  av-inherit-size'><h1 class='av-special-heading-tag'  itemprop=\"headline\"  >Il Nostro Team<\/h1><div class=\"special-heading-border\"><div class=\"special-heading-inner-border\"><\/div><\/div><\/div>\n\n<style type=\"text\/css\" data-created_by=\"avia_inline_auto\" id=\"style-css-av-3lblks-f7946db4a737681a5bdc274749d639b2\">\n.flex_column.av-3lblks-f7946db4a737681a5bdc274749d639b2{\nborder-radius:0px 0px 0px 0px;\npadding:0px 0px 0px 0px;\n}\n<\/style>\n<div  class='flex_column av-3lblks-f7946db4a737681a5bdc274749d639b2 av_one_full  avia-builder-el-1  el_after_av_heading  el_before_av_one_half  first flex_column_div av-zero-column-padding  '     ><section  class='av_textblock_section av-3cnkjw-560b0f2e6da19cd901d50fe844af7f21 '   itemscope=\"itemscope\" itemtype=\"https:\/\/schema.org\/CreativeWork\" ><div class='avia_textblock'  itemprop=\"text\" ><p style=\"text-align: center;\"><strong>Il team principale e i nostri numerosi collaboratori sono il nostro punto di forza!<\/strong><\/p>\n<p>Indivenire nasce da un\u2019idea di Laura Pasquardini. Dopo 17 anni di esperienza nella ricerca universitaria e privata sento l\u2019esigenza di mettere a disposizione di piccole realt\u00e0 la mia competenza per agevolare la loro e la mia crescita.<br \/>\nIl bagaglio di esperienza che ho costruito in questi anni mi permette di affrontare in maniera critica e con un approccio multidisciplinare problematiche legate alla ricerca e sviluppo in diversi ambiti.<\/p>\n<\/div><\/section><br \/>\n\n<style type=\"text\/css\" data-created_by=\"avia_inline_auto\" id=\"style-css-av-3ax8q4-ca5a9629120c6751fe16128e27e11acf\">\n#top .hr.av-3ax8q4-ca5a9629120c6751fe16128e27e11acf{\nmargin-top:15px;\nmargin-bottom:15px;\n}\n.hr.av-3ax8q4-ca5a9629120c6751fe16128e27e11acf .hr-inner{\nwidth:50px;\nborder-color:#000000;\n}\n<\/style>\n<div  class='hr av-3ax8q4-ca5a9629120c6751fe16128e27e11acf hr-custom  avia-builder-el-3  el_after_av_textblock  avia-builder-el-last  hr-center hr-icon-no'><span class='hr-inner inner-border-av-border-fat'><span class=\"hr-inner-style\"><\/span><\/span><\/div><\/p><\/div>\n\n<style type=\"text\/css\" data-created_by=\"avia_inline_auto\" id=\"style-css-av-31tlz0-aa84e067208d1b3f6e0160bcc864291d\">\n.flex_column.av-31tlz0-aa84e067208d1b3f6e0160bcc864291d{\nborder-radius:0px 0px 0px 0px;\npadding:0px 0px 0px 0px;\n}\n<\/style>\n<div  class='flex_column av-31tlz0-aa84e067208d1b3f6e0160bcc864291d av_one_half  avia-builder-el-4  el_after_av_one_full  el_before_av_one_half  first flex_column_div av-zero-column-padding  column-top-margin'     ><p>\n<style type=\"text\/css\" data-created_by=\"avia_inline_auto\" id=\"style-css-av-118rw-ac9f3bb89c996e5ff8b5cb7f8c6da1ce\">\n.avia-image-container.av-118rw-ac9f3bb89c996e5ff8b5cb7f8c6da1ce img.avia_image{\nbox-shadow:none;\n}\n.avia-image-container.av-118rw-ac9f3bb89c996e5ff8b5cb7f8c6da1ce .av-image-caption-overlay-center{\ncolor:#ffffff;\n}\n<\/style>\n<div  class='avia-image-container av-118rw-ac9f3bb89c996e5ff8b5cb7f8c6da1ce av-styling- avia-align-center  avia-builder-el-5  el_before_av_heading  avia-builder-el-first '   itemprop=\"image\" itemscope=\"itemscope\" itemtype=\"https:\/\/schema.org\/ImageObject\" ><div class=\"avia-image-container-inner\"><div class=\"avia-image-overlay-wrap\"><img decoding=\"async\" class='wp-image-3333 avia-img-lazy-loading-not-3333 avia_image ' src=\"https:\/\/indiveni.re\/wp-content\/uploads\/2018\/02\/laura-180x180.jpg\" alt='' title='laura'  height=\"180\" width=\"180\"  itemprop=\"thumbnailUrl\" srcset=\"https:\/\/indiveni.re\/wp-content\/uploads\/2018\/02\/laura-180x180.jpg 180w, https:\/\/indiveni.re\/wp-content\/uploads\/2018\/02\/laura-80x80.jpg 80w, https:\/\/indiveni.re\/wp-content\/uploads\/2018\/02\/laura-36x36.jpg 36w, https:\/\/indiveni.re\/wp-content\/uploads\/2018\/02\/laura-120x120.jpg 120w\" sizes=\"(max-width: 180px) 100vw, 180px\" \/><\/div><\/div><\/div><br \/>\n\n<style type=\"text\/css\" data-created_by=\"avia_inline_auto\" id=\"style-css-av-9ztfg-11322e1e4fbe1cebc608801dbf2140e7\">\n#top .av-special-heading.av-9ztfg-11322e1e4fbe1cebc608801dbf2140e7{\npadding-bottom:0;\nfont-size:30px;\n}\nbody .av-special-heading.av-9ztfg-11322e1e4fbe1cebc608801dbf2140e7 .av-special-heading-tag .heading-char{\nfont-size:25px;\n}\n#top #wrap_all .av-special-heading.av-9ztfg-11322e1e4fbe1cebc608801dbf2140e7 .av-special-heading-tag{\nfont-size:30px;\n}\n.av-special-heading.av-9ztfg-11322e1e4fbe1cebc608801dbf2140e7 .av-subheading{\nfont-size:15px;\n}\n\n@media only screen and (min-width: 480px) and (max-width: 767px){ \n#top #wrap_all .av-special-heading.av-9ztfg-11322e1e4fbe1cebc608801dbf2140e7 .av-special-heading-tag{\nfont-size:0.8em;\n}\n}\n\n@media only screen and (max-width: 479px){ \n#top #wrap_all .av-special-heading.av-9ztfg-11322e1e4fbe1cebc608801dbf2140e7 .av-special-heading-tag{\nfont-size:0.8em;\n}\n}\n<\/style>\n<div  class='av-special-heading av-9ztfg-11322e1e4fbe1cebc608801dbf2140e7 av-special-heading-h2 blockquote modern-quote modern-centered  avia-builder-el-6  el_after_av_image  el_before_av_hr  av-inherit-size'><h2 class='av-special-heading-tag'  itemprop=\"headline\"  >Laura Pasquardini<\/h2><div class='av-subheading av-subheading_below'><p>CEO<\/p>\n<\/div><div class=\"special-heading-border\"><div class=\"special-heading-inner-border\"><\/div><\/div><\/div><br \/>\n\n<style type=\"text\/css\" data-created_by=\"avia_inline_auto\" id=\"style-css-av-2n6d9g-34d5426fd2e2a4cc76e06718ffe09cf3\">\n#top .hr.av-2n6d9g-34d5426fd2e2a4cc76e06718ffe09cf3{\nmargin-top:15px;\nmargin-bottom:15px;\n}\n.hr.av-2n6d9g-34d5426fd2e2a4cc76e06718ffe09cf3 .hr-inner{\nwidth:50px;\nborder-color:#000000;\n}\n<\/style>\n<div  class='hr av-2n6d9g-34d5426fd2e2a4cc76e06718ffe09cf3 hr-custom  avia-builder-el-7  el_after_av_heading  el_before_av_textblock  hr-center hr-icon-no'><span class='hr-inner inner-border-av-border-fat'><span class=\"hr-inner-style\"><\/span><\/span><\/div><br \/>\n<section  class='av_textblock_section av-2ewf6k-9abdc1a988ae3b446243304f8dcf1a67 '   itemscope=\"itemscope\" itemtype=\"https:\/\/schema.org\/CreativeWork\" ><div class='avia_textblock'  itemprop=\"text\" ><p style=\"text-align: justify;\">Laura Pasquardini si \u00e8 laureata in Fisica all\u2019Universit\u00e0 di Trento nel 2000 e ha conseguito un master in Biomateriali dal CIRMIB (Trento) nel 2004. Il suo background copre diversi ambiti scientifici: sviluppo e caratterizzazione di biointerfacce per la genomica e la proteomica, biologia molecolare ed imaging ad alta risoluzione. Ha focalizzato l\u2019attivit\u00e0 sulla modifica delle propriet\u00e0 delle superfici coinvolte in interazioni biologiche, sia per applicazioni \u201cin vivo\u201d sia, con una spiccata focalizzazione alle applicazioni \u201cLab-on- a-chip\u201d e biosensoristiche.<\/p>\n<\/div><\/section><br \/>\n\n<style type=\"text\/css\" data-created_by=\"avia_inline_auto\" id=\"style-css-av-2b2ayk-8a6c19d2ef7cc2cdd04371bee243db64\">\n.av_font_icon.av-2b2ayk-8a6c19d2ef7cc2cdd04371bee243db64 .av-icon-char{\nfont-size:40px;\nline-height:40px;\n}\n<\/style>\n<span  class='av_font_icon av-2b2ayk-8a6c19d2ef7cc2cdd04371bee243db64 avia_animate_when_visible av-icon-style- avia-icon-pos-center av-no-color avia-icon-animate'><a href='https:\/\/www.linkedin.com\/in\/laurapasquardini\/' target=\"_blank\" rel=\"noopener noreferrer\" class='av-icon-char' aria-hidden='true' data-av_icon='\ue8fd' data-av_iconfont='entypo-fontello'><\/a><\/span><\/p><\/div>\n\n<style type=\"text\/css\" data-created_by=\"avia_inline_auto\" id=\"style-css-av-23qcn8-20d02797ef2c2b702094925c8d656020\">\n.flex_column.av-23qcn8-20d02797ef2c2b702094925c8d656020{\nborder-radius:0px 0px 0px 0px;\npadding:0px 0px 0px 0px;\n}\n<\/style>\n<div  class='flex_column av-23qcn8-20d02797ef2c2b702094925c8d656020 av_one_half  avia-builder-el-10  el_after_av_one_half  el_before_av_one_half  flex_column_div av-zero-column-padding  column-top-margin'     ><p>\n<style type=\"text\/css\" data-created_by=\"avia_inline_auto\" id=\"style-css-av-6ylbw-3b020d72ff890470a7bf8f45a1206c78\">\n.avia-image-container.av-6ylbw-3b020d72ff890470a7bf8f45a1206c78 img.avia_image{\nbox-shadow:none;\n}\n.avia-image-container.av-6ylbw-3b020d72ff890470a7bf8f45a1206c78 .av-image-caption-overlay-center{\ncolor:#ffffff;\n}\n<\/style>\n<div  class='avia-image-container av-6ylbw-3b020d72ff890470a7bf8f45a1206c78 av-styling- avia-align-center  avia-builder-el-11  el_before_av_heading  avia-builder-el-first '   itemprop=\"image\" itemscope=\"itemscope\" itemtype=\"https:\/\/schema.org\/ImageObject\" ><div class=\"avia-image-container-inner\"><div class=\"avia-image-overlay-wrap\"><img decoding=\"async\" class='wp-image-3546 avia-img-lazy-loading-not-3546 avia_image ' src=\"https:\/\/indiveni.re\/wp-content\/uploads\/2018\/03\/fabio-1-180x180.jpg\" alt='' title='fabio'  height=\"180\" width=\"180\"  itemprop=\"thumbnailUrl\" srcset=\"https:\/\/indiveni.re\/wp-content\/uploads\/2018\/03\/fabio-1-180x180.jpg 180w, https:\/\/indiveni.re\/wp-content\/uploads\/2018\/03\/fabio-1-80x80.jpg 80w, https:\/\/indiveni.re\/wp-content\/uploads\/2018\/03\/fabio-1-36x36.jpg 36w, https:\/\/indiveni.re\/wp-content\/uploads\/2018\/03\/fabio-1-120x120.jpg 120w, https:\/\/indiveni.re\/wp-content\/uploads\/2018\/03\/fabio-1.jpg 273w\" sizes=\"(max-width: 180px) 100vw, 180px\" \/><\/div><\/div><\/div><br \/>\n\n<style type=\"text\/css\" data-created_by=\"avia_inline_auto\" id=\"style-css-av-av_heading-723b924023d4c4cf5676ea1ae4e24995\">\n#top .av-special-heading.av-av_heading-723b924023d4c4cf5676ea1ae4e24995{\npadding-bottom:0;\nfont-size:30px;\n}\nbody .av-special-heading.av-av_heading-723b924023d4c4cf5676ea1ae4e24995 .av-special-heading-tag .heading-char{\nfont-size:25px;\n}\n#top #wrap_all .av-special-heading.av-av_heading-723b924023d4c4cf5676ea1ae4e24995 .av-special-heading-tag{\nfont-size:30px;\n}\n.av-special-heading.av-av_heading-723b924023d4c4cf5676ea1ae4e24995 .av-subheading{\nfont-size:15px;\n}\n\n@media only screen and (min-width: 480px) and (max-width: 767px){ \n#top #wrap_all .av-special-heading.av-av_heading-723b924023d4c4cf5676ea1ae4e24995 .av-special-heading-tag{\nfont-size:0.8em;\n}\n}\n\n@media only screen and (max-width: 479px){ \n#top #wrap_all .av-special-heading.av-av_heading-723b924023d4c4cf5676ea1ae4e24995 .av-special-heading-tag{\nfont-size:0.8em;\n}\n}\n<\/style>\n<div  class='av-special-heading av-av_heading-723b924023d4c4cf5676ea1ae4e24995 av-special-heading-h2 blockquote modern-quote modern-centered  avia-builder-el-12  el_after_av_image  el_before_av_hr  av-inherit-size'><h2 class='av-special-heading-tag'  itemprop=\"headline\"  >Fabio Dal Cortivo<\/h2><div class='av-subheading av-subheading_below'><p>CFO<\/p>\n<\/div><div class=\"special-heading-border\"><div class=\"special-heading-inner-border\"><\/div><\/div><\/div><br \/>\n\n<style type=\"text\/css\" data-created_by=\"avia_inline_auto\" id=\"style-css-av-1mp8vw-29bbea7c0caab42cf5a16ca4f8898928\">\n#top .hr.av-1mp8vw-29bbea7c0caab42cf5a16ca4f8898928{\nmargin-top:15px;\nmargin-bottom:15px;\n}\n.hr.av-1mp8vw-29bbea7c0caab42cf5a16ca4f8898928 .hr-inner{\nwidth:50px;\nborder-color:#000000;\n}\n<\/style>\n<div  class='hr av-1mp8vw-29bbea7c0caab42cf5a16ca4f8898928 hr-custom  avia-builder-el-13  el_after_av_heading  el_before_av_textblock  hr-center hr-icon-no'><span class='hr-inner inner-border-av-border-fat'><span class=\"hr-inner-style\"><\/span><\/span><\/div><br \/>\n<section  class='av_textblock_section av-1fj2wk-a10ea52f28684511175361f77c15b8a4 '   itemscope=\"itemscope\" itemtype=\"https:\/\/schema.org\/CreativeWork\" ><div class='avia_textblock'  itemprop=\"text\" ><p style=\"text-align: justify;\">Fabio Dal Cortivo si \u00e8 laureato in Economia e Commercio a Verona nel 2001 e lavora da anni come libero professionista in qualit\u00e0 di consulente per la gestione della contabilit\u00e0 aziendale.<\/p>\n<\/div><\/section><br \/>\n\n<style type=\"text\/css\" data-created_by=\"avia_inline_auto\" id=\"style-css-av-17etas-6644dda91e1a8fd2707413e8a671b3e7\">\n.av_font_icon.av-17etas-6644dda91e1a8fd2707413e8a671b3e7 .av-icon-char{\nfont-size:40px;\nline-height:40px;\n}\n<\/style>\n<span  class='av_font_icon av-17etas-6644dda91e1a8fd2707413e8a671b3e7 avia_animate_when_visible av-icon-style- avia-icon-pos-center av-no-color avia-icon-animate'><a href='https:\/\/www.facebook.com\/Indivenire.science\/' target=\"_blank\" rel=\"noopener noreferrer\" class='av-icon-char' aria-hidden='true' data-av_icon='\ue8f4' data-av_iconfont='entypo-fontello'><\/a><\/span><\/p><\/div>\n<style type=\"text\/css\" data-created_by=\"avia_inline_auto\" id=\"style-css-av-132e4k-335da055c2a685cd6c5ca5c30d8d0612\">\n.flex_column.av-132e4k-335da055c2a685cd6c5ca5c30d8d0612{\nborder-radius:0px 0px 0px 0px;\npadding:0px 0px 0px 0px;\n}\n<\/style>\n<div  class='flex_column av-132e4k-335da055c2a685cd6c5ca5c30d8d0612 av_one_half  avia-builder-el-16  el_after_av_one_half  el_before_av_one_half  first flex_column_div av-zero-column-padding  column-top-margin'     ><p>\n<style type=\"text\/css\" data-created_by=\"avia_inline_auto\" id=\"style-css-av-yttuc-e45caf0f2abd1540ebcc4b4015ee2b4e\">\n#top .av-special-heading.av-yttuc-e45caf0f2abd1540ebcc4b4015ee2b4e{\npadding-bottom:0;\nfont-size:30px;\n}\nbody .av-special-heading.av-yttuc-e45caf0f2abd1540ebcc4b4015ee2b4e .av-special-heading-tag .heading-char{\nfont-size:25px;\n}\n#top #wrap_all .av-special-heading.av-yttuc-e45caf0f2abd1540ebcc4b4015ee2b4e .av-special-heading-tag{\nfont-size:30px;\n}\n.av-special-heading.av-yttuc-e45caf0f2abd1540ebcc4b4015ee2b4e .av-subheading{\nfont-size:15px;\n}\n\n@media only screen and (min-width: 480px) and (max-width: 767px){ \n#top #wrap_all .av-special-heading.av-yttuc-e45caf0f2abd1540ebcc4b4015ee2b4e .av-special-heading-tag{\nfont-size:0.8em;\n}\n}\n\n@media only screen and (max-width: 479px){ \n#top #wrap_all .av-special-heading.av-yttuc-e45caf0f2abd1540ebcc4b4015ee2b4e .av-special-heading-tag{\nfont-size:0.8em;\n}\n}\n<\/style>\n<div  class='av-special-heading av-yttuc-e45caf0f2abd1540ebcc4b4015ee2b4e av-special-heading-h2 blockquote modern-quote modern-centered  avia-builder-el-17  el_before_av_hr  avia-builder-el-first  av-inherit-size'><h2 class='av-special-heading-tag'  itemprop=\"headline\"  >I Nostri Collaboratori<\/h2><div class='av-subheading av-subheading_below'><p>Ovvero le nostre armi &#8220;segrete&#8221;!<\/p>\n<\/div><div class=\"special-heading-border\"><div class=\"special-heading-inner-border\"><\/div><\/div><\/div><br \/>\n\n<style type=\"text\/css\" data-created_by=\"avia_inline_auto\" id=\"style-css-av-tagdg-3bdb8b62914eac6ee182bc8b0c513af3\">\n#top .hr.av-tagdg-3bdb8b62914eac6ee182bc8b0c513af3{\nmargin-top:15px;\nmargin-bottom:15px;\n}\n.hr.av-tagdg-3bdb8b62914eac6ee182bc8b0c513af3 .hr-inner{\nwidth:50px;\nborder-color:#000000;\n}\n<\/style>\n<div  class='hr av-tagdg-3bdb8b62914eac6ee182bc8b0c513af3 hr-custom  avia-builder-el-18  el_after_av_heading  el_before_av_textblock  hr-center hr-icon-no'><span class='hr-inner inner-border-av-border-fat'><span class=\"hr-inner-style\"><\/span><\/span><\/div><br \/>\n<section  class='av_textblock_section av-mnd4c-61f655dbc464b7bf471eeab51024f45c '   itemscope=\"itemscope\" itemtype=\"https:\/\/schema.org\/CreativeWork\" ><div class='avia_textblock'  itemprop=\"text\" ><p style=\"text-align: justify;\">Per poter affrontare problematiche sempre nuove fornendo ai nostri clienti servizi all&#8217;avanguardia, ci avvaliamo della collaborazione di ricercatori esperti e dal solido background scientifico.<\/p>\n<\/div><\/section><\/p><\/div><\/p>\n\n<style type=\"text\/css\" data-created_by=\"avia_inline_auto\" id=\"style-css-av-e0dwk-530733d11647ef3eb979a7a164c341c6\">\n.flex_column.av-e0dwk-530733d11647ef3eb979a7a164c341c6{\nborder-radius:0px 0px 0px 0px;\npadding:0px 0px 0px 0px;\n}\n<\/style>\n<div  class='flex_column av-e0dwk-530733d11647ef3eb979a7a164c341c6 av_one_half  avia-builder-el-20  el_after_av_one_half  avia-builder-el-last  flex_column_div av-zero-column-padding  column-top-margin'     ><section  class='av_textblock_section av-7of44-9c642bdc5ccde9f882a95d928ed542c3 '   itemscope=\"itemscope\" itemtype=\"https:\/\/schema.org\/CreativeWork\" ><div class='avia_textblock'  itemprop=\"text\" ><ul>\n<li style=\"font-weight: 400;\"><span style=\"font-weight: 400;\">Prof. Lorenzo Pavesi, direttore del Dipartimento di Fisica dell\u2019Universit\u00e0 di Trento (<\/span><a href=\"http:\/\/nanolab.physics.unitn.it\/\"><span style=\"font-weight: 400;\">nanolab.physics.unitn.it\/<\/span><\/a><span style=\"font-weight: 400;\">)<\/span><\/li>\n<li style=\"font-weight: 400;\"><span style=\"font-weight: 400;\">Dr. Cecilia Pederzolli, responsabile del LABSSAH (Laboratory of Biomolecular Sequence and Structure Analysis for Health) (<\/span><a href=\"http:\/\/www.labssah.eu\/\"><span style=\"font-weight: 400;\">www.labssah.eu<\/span><\/a><span style=\"font-weight: 400;\">)<\/span><\/li>\n<li style=\"font-weight: 400;\"><span style=\"font-weight: 400;\">Prof. Alessandro Quattrone, direttore del CIBIO dell\u2019Universit\u00e0 di Trento (<\/span><a href=\"https:\/\/www.cibio.unitn.it\/\"><span style=\"font-weight: 400;\">www.cibio.unitn.it<\/span><\/a><span style=\"font-weight: 400;\">)<\/span><\/li>\n<li style=\"font-weight: 400;\"><span style=\"font-weight: 400;\">Prof. Sandra Dir\u00e8, Dipartimento di Ingegneria dei Materiali e Tecnologie Industriali (<\/span><a href=\"http:\/\/www.ing.unitn.it\/~dire\/\"><span style=\"font-weight: 400;\">www.ing.unitn.it<\/span><\/a><span style=\"font-weight: 400;\">)<\/span><\/li>\n<li style=\"font-weight: 400;\"><span style=\"font-weight: 400;\">Dr. Silvia Soria Huguet, Istituto di Fisica Applicata Nello Carrara, Sesto Fiorentino (FI) (<\/span><a href=\"http:\/\/miplab.ifac.cnr.it\/index.php\/research-mi-2\"><span style=\"font-weight: 400;\">miplab.ifac.cnr.it<\/span><\/a><span style=\"font-weight: 400;\">)<\/span><\/li>\n<li style=\"font-weight: 400;\"><span style=\"font-weight: 400;\">Dr. Maurizio Ferrari, direttore dell\u2019Istituto di Fotonica e Nanotecnologie del CNR, Trento (<\/span><a href=\"http:\/\/www.tn.ifn.cnr.it\/home\"><span style=\"font-weight: 400;\">www.tn.ifn.cnr.it<\/span><\/a><span style=\"font-weight: 400;\">)<\/span><\/li>\n<li style=\"font-weight: 400;\"><span style=\"font-weight: 400;\">Dr. Nicola Daldosso, Dipartimento di Informatica, Universit\u00e0 di Verona (<\/span><a href=\"http:\/\/www.di.univr.it\/?ent=home&amp;page=dipartimento&amp;lang=it\"><span style=\"font-weight: 400;\">www.di.univr.it<\/span><\/a><span style=\"font-weight: 400;\">)<\/span><\/li>\n<\/ul>\n<\/div><\/section><\/div>\n","protected":false},"excerpt":{"rendered":"","protected":false},"author":1,"featured_media":0,"parent":0,"menu_order":0,"comment_status":"closed","ping_status":"closed","template":"","meta":{"footnotes":""},"class_list":["post-644","page","type-page","status-publish","hentry"],"yoast_head":"<!-- This site is optimized with the Yoast SEO plugin v27.4 - https:\/\/yoast.com\/product\/yoast-seo-wordpress\/ -->\n<title>Team - R&amp;D - Outsourced Research and Development - Indivenire<\/title>\n<meta name=\"robots\" content=\"index, follow, max-snippet:-1, max-image-preview:large, max-video-preview:-1\" \/>\n<link rel=\"canonical\" href=\"https:\/\/indiveni.re\/it\/team\/\" \/>\n<meta property=\"og:locale\" content=\"it_IT\" \/>\n<meta property=\"og:type\" content=\"article\" \/>\n<meta property=\"og:title\" content=\"Team - R&amp;D - Outsourced Research and Development - Indivenire\" \/>\n<meta property=\"og:url\" content=\"https:\/\/indiveni.re\/it\/team\/\" \/>\n<meta property=\"og:site_name\" content=\"R&amp;D - Outsourced Research and Development - Indivenire\" \/>\n<meta property=\"article:publisher\" content=\"https:\/\/www.facebook.com\/Indivenire.science\/\" \/>\n<meta property=\"article:modified_time\" content=\"2019-05-04T18:38:15+00:00\" \/>\n<meta name=\"twitter:card\" content=\"summary_large_image\" \/>\n<meta name=\"twitter:label1\" content=\"Tempo di lettura stimato\" \/>\n\t<meta name=\"twitter:data1\" content=\"7 minuti\" \/>\n<script type=\"application\/ld+json\" class=\"yoast-schema-graph\">{\"@context\":\"https:\\\/\\\/schema.org\",\"@graph\":[{\"@type\":\"WebPage\",\"@id\":\"https:\\\/\\\/indiveni.re\\\/it\\\/team\\\/\",\"url\":\"https:\\\/\\\/indiveni.re\\\/it\\\/team\\\/\",\"name\":\"Team - R&amp;D - Outsourced Research and Development - Indivenire\",\"isPartOf\":{\"@id\":\"https:\\\/\\\/indiveni.re\\\/it\\\/#website\"},\"datePublished\":\"2017-02-02T14:28:16+00:00\",\"dateModified\":\"2019-05-04T18:38:15+00:00\",\"breadcrumb\":{\"@id\":\"https:\\\/\\\/indiveni.re\\\/it\\\/team\\\/#breadcrumb\"},\"inLanguage\":\"it-IT\",\"potentialAction\":[{\"@type\":\"ReadAction\",\"target\":[\"https:\\\/\\\/indiveni.re\\\/it\\\/team\\\/\"]}]},{\"@type\":\"BreadcrumbList\",\"@id\":\"https:\\\/\\\/indiveni.re\\\/it\\\/team\\\/#breadcrumb\",\"itemListElement\":[{\"@type\":\"ListItem\",\"position\":1,\"name\":\"Home\",\"item\":\"https:\\\/\\\/indiveni.re\\\/it\\\/\"},{\"@type\":\"ListItem\",\"position\":2,\"name\":\"Team\"}]},{\"@type\":\"WebSite\",\"@id\":\"https:\\\/\\\/indiveni.re\\\/it\\\/#website\",\"url\":\"https:\\\/\\\/indiveni.re\\\/it\\\/\",\"name\":\"Indivenire\",\"description\":\"R&amp;D - Ricerca e Sviluppo in outsourcing\",\"potentialAction\":[{\"@type\":\"SearchAction\",\"target\":{\"@type\":\"EntryPoint\",\"urlTemplate\":\"https:\\\/\\\/indiveni.re\\\/it\\\/?s={search_term_string}\"},\"query-input\":{\"@type\":\"PropertyValueSpecification\",\"valueRequired\":true,\"valueName\":\"search_term_string\"}}],\"inLanguage\":\"it-IT\"}]}<\/script>\n<!-- \/ Yoast SEO plugin. -->","yoast_head_json":{"title":"Team - R&amp;D - Outsourced Research and Development - Indivenire","robots":{"index":"index","follow":"follow","max-snippet":"max-snippet:-1","max-image-preview":"max-image-preview:large","max-video-preview":"max-video-preview:-1"},"canonical":"https:\/\/indiveni.re\/it\/team\/","og_locale":"it_IT","og_type":"article","og_title":"Team - R&amp;D - Outsourced Research and Development - Indivenire","og_url":"https:\/\/indiveni.re\/it\/team\/","og_site_name":"R&amp;D - Outsourced Research and Development - Indivenire","article_publisher":"https:\/\/www.facebook.com\/Indivenire.science\/","article_modified_time":"2019-05-04T18:38:15+00:00","twitter_card":"summary_large_image","twitter_misc":{"Tempo di lettura stimato":"7 minuti"},"schema":{"@context":"https:\/\/schema.org","@graph":[{"@type":"WebPage","@id":"https:\/\/indiveni.re\/it\/team\/","url":"https:\/\/indiveni.re\/it\/team\/","name":"Team - R&amp;D - Outsourced Research and Development - Indivenire","isPartOf":{"@id":"https:\/\/indiveni.re\/it\/#website"},"datePublished":"2017-02-02T14:28:16+00:00","dateModified":"2019-05-04T18:38:15+00:00","breadcrumb":{"@id":"https:\/\/indiveni.re\/it\/team\/#breadcrumb"},"inLanguage":"it-IT","potentialAction":[{"@type":"ReadAction","target":["https:\/\/indiveni.re\/it\/team\/"]}]},{"@type":"BreadcrumbList","@id":"https:\/\/indiveni.re\/it\/team\/#breadcrumb","itemListElement":[{"@type":"ListItem","position":1,"name":"Home","item":"https:\/\/indiveni.re\/it\/"},{"@type":"ListItem","position":2,"name":"Team"}]},{"@type":"WebSite","@id":"https:\/\/indiveni.re\/it\/#website","url":"https:\/\/indiveni.re\/it\/","name":"Indivenire","description":"R&amp;D - Ricerca e Sviluppo in outsourcing","potentialAction":[{"@type":"SearchAction","target":{"@type":"EntryPoint","urlTemplate":"https:\/\/indiveni.re\/it\/?s={search_term_string}"},"query-input":{"@type":"PropertyValueSpecification","valueRequired":true,"valueName":"search_term_string"}}],"inLanguage":"it-IT"}]}},"_links":{"self":[{"href":"https:\/\/indiveni.re\/it\/wp-json\/wp\/v2\/pages\/644","targetHints":{"allow":["GET"]}}],"collection":[{"href":"https:\/\/indiveni.re\/it\/wp-json\/wp\/v2\/pages"}],"about":[{"href":"https:\/\/indiveni.re\/it\/wp-json\/wp\/v2\/types\/page"}],"author":[{"embeddable":true,"href":"https:\/\/indiveni.re\/it\/wp-json\/wp\/v2\/users\/1"}],"replies":[{"embeddable":true,"href":"https:\/\/indiveni.re\/it\/wp-json\/wp\/v2\/comments?post=644"}],"version-history":[{"count":30,"href":"https:\/\/indiveni.re\/it\/wp-json\/wp\/v2\/pages\/644\/revisions"}],"predecessor-version":[{"id":3310,"href":"https:\/\/indiveni.re\/it\/wp-json\/wp\/v2\/pages\/644\/revisions\/3310"}],"wp:attachment":[{"href":"https:\/\/indiveni.re\/it\/wp-json\/wp\/v2\/media?parent=644"}],"curies":[{"name":"wp","href":"https:\/\/api.w.org\/{rel}","templated":true}]}}