{"id":4028,"date":"2021-09-30T12:28:18","date_gmt":"2021-09-30T10:28:18","guid":{"rendered":"https:\/\/indiveni.re\/nostre-pubblicazioni\/"},"modified":"2025-04-23T12:41:56","modified_gmt":"2025-04-23T10:41:56","slug":"nostre-pubblicazioni","status":"publish","type":"page","link":"https:\/\/indiveni.re\/it\/nostre-pubblicazioni\/","title":{"rendered":"Nostre Pubblicazioni"},"content":{"rendered":"\n<style type=\"text\/css\" data-created_by=\"avia_inline_auto\" id=\"style-css-av-ku6sdvqc-f478cc48435d5f84eada6779076dc8e7\">\n#top .av-special-heading.av-ku6sdvqc-f478cc48435d5f84eada6779076dc8e7{\npadding-bottom:10px;\nfont-size:40px;\n}\nbody .av-special-heading.av-ku6sdvqc-f478cc48435d5f84eada6779076dc8e7 .av-special-heading-tag .heading-char{\nfont-size:25px;\n}\n#top #wrap_all .av-special-heading.av-ku6sdvqc-f478cc48435d5f84eada6779076dc8e7 .av-special-heading-tag{\nfont-size:40px;\n}\n.av-special-heading.av-ku6sdvqc-f478cc48435d5f84eada6779076dc8e7 .av-subheading{\nfont-size:15px;\n}\n\n@media only screen and (min-width: 480px) and (max-width: 767px){ \n#top #wrap_all .av-special-heading.av-ku6sdvqc-f478cc48435d5f84eada6779076dc8e7 .av-special-heading-tag{\nfont-size:0.8em;\n}\n}\n\n@media only screen and (max-width: 479px){ \n#top #wrap_all .av-special-heading.av-ku6sdvqc-f478cc48435d5f84eada6779076dc8e7 .av-special-heading-tag{\nfont-size:0.8em;\n}\n}\n<\/style>\n<div  class='av-special-heading av-ku6sdvqc-f478cc48435d5f84eada6779076dc8e7 av-special-heading-h1 blockquote modern-quote modern-centered  avia-builder-el-0  el_before_av_textblock  avia-builder-el-first  av-inherit-size'><h1 class='av-special-heading-tag'  itemprop=\"headline\"  >Nostre Pubblicazioni<\/h1><div class=\"special-heading-border\"><div class=\"special-heading-inner-border\"><\/div><\/div><\/div>\n<section  class='av_textblock_section av-ku6sgrqw-069dad2bd2c8f13da9942df4ac4bb784 '   itemscope=\"itemscope\" itemtype=\"https:\/\/schema.org\/CreativeWork\" ><div class='avia_textblock'  itemprop=\"text\" ><h3>2025<\/h3>\n<p>1. Rachele Favaretto, Niccol\u00f2 Ardoino, Georg Pucker, Nicola Bellotto, Mattia Mancinelli, Gioele Piccoli, Martino Bernard, Lia Vanzetti, Cristina Potrich, Lorenzo Lunelli, Cecilia Pederzolli, Carlo Guardiani, Laura Pasquardini. A ring resonators optical sensor for multiple biomarkers detection. Talanta 282 (2025) 127035 DOI: 10.1016\/j.talanta.2024.127035<\/p>\n<p>2. A. I\u015f\u0131tan,L. Pasquardini, M. Bersani, C. G\u00f6k, S. Fioravanti, L. Lunelli, E. \u00c7a\u011flarer, A. Koluman. Sustainable Production of Microcrystalline and Nanocrystalline Cellulose from Textile Waste Using HCl and NaOH\/Urea Treatment. Polymers (2025), 17, 48. DOI:10.3390\/polym17010048<\/p>\n<p>3. Cennamo, N., Pasquardini, L., Arcadio, F., Zeni, L. Pollen-based natural nanostructures to realize nanoplasmonic biochips for single-molecule detection. Sensors and Actuators B: Chemical, 422 (2025), 136404. DOI:10.1016\/j.snb.2024.136404<\/p>\n<h3>2024<\/h3>\n<p>1. Alessia Cossettini, Laura Pasquardini, Antonello Romani, Aldo Feriani, Debora Pinamonti, Marisa Manzano. Computational aptamer design for spike glycoprotein (S) (SARS CoV\u20112) detection with an electrochemical aptasensor. Applied Microbiology and Biotechnology (2024) 108:259.\u00a0<a href=\"https:\/\/doi.org\/10.1007\/s00253-024-13066-w\" target=\"_blank\" rel=\"noopener noreferrer\" data-saferedirecturl=\"https:\/\/www.google.com\/url?q=https:\/\/doi.org\/10.1007\/s00253-024-13066-w&amp;source=gmail&amp;ust=1711722097735000&amp;usg=AOvVaw0bXK5wSdsX78ZKNPIIBr5j\">https:\/\/doi.org\/10.1007\/s00253<wbr \/>-024-13066-w<\/a><\/p>\n<p>2. Niccol\u00f2 Ardoino, Lorenzo Lunelli, Georg Pucker, Lia Vanzetti, Rachele Favaretto, Laura Pasquardini, Cecilia Pederzolli, Carlo Guardiani, Cristina Potrich. Optimization of Surface Functionalizations for Ring Resonator-Based Biosensors. Sensors, 2024, 24(10), 3107. DOI: 10.3390\/s24103107<\/p>\n<p>3. Chalyan, T., Ottevaere, H., Pasquardini, L. Optical biosensors: from working principles to detection methods of label-free devices. Biophotonics and Biosensing: from Fundamental Research to Clinical Trials through Advances of Signal and Image Processing, 2024, pp. 15\u201348. ISBN: 978-0-443-18840-4<\/p>\n<p>4. F. Valentini, D. Rigotti, M. Saletti, A. Beccaro, L. Pasquardini, A. Pegoretti, A. Dorigato. Optimization of the Mechanical Recycling of Phenolic Resins for Household Appliances. Polymers 2024, 16, 3378. DOI:10.3390\/polym16233378<\/p>\n<p>5. A. Arrigoni, F. Turco, B.M. Squeo, S. Freddi, M. Bollani, T. Virgili, A. Chiappini, L. Pasquardini M. Pasini. Optimizing Germanium-Selective Functionalization on Patterned SiGe Substrates with Thiol-Based Molecules: The Critical Role of Oxygen-Free Conditions. Chem. Proc. 2024, 16, 21. DOI:10.3390\/ecsoc-28-20193<\/p>\n<p>6. D. Vurro, L. Pasquardini, M. Borriello, R. Foresti, M. Barra, M. Sidoli, D. Pontiroli, L. Fornasini, L. Aversa, R. Verucchi, P. D\u2019Angelo, G. Tarabella. Inflammatory biomarker detection in saliva samples by printed graphene immunosensors. Sensors and Actuators Reports, 2024, 8, 100211. DOI:10.1016\/j.snr.2024.100211<\/p>\n<h3>2023<\/h3>\n<p>1. Pitruzzella, R.; Rovida, R.; Perri, C.; Chiodi, A.; Arcadio, F.; Cennamo, N.; Pasquardini, L.; Vanzetti, L.; Fedrizzi, M.; Zeni, L.; et al. Polymer Doping as a Novel Approach to Improve the Performance of Plasmonic Plastic Optical Fibers Sensors. Sensors 2023, 23, 5548. DOI:10.3390\/ s23125548<\/p>\n<p>2. Laura Pasquardini, Lia Vanzetti, Roberto Canteri, Nunzio Cennamo, Francesco Arcadio, Chiara Perri, Girolamo D\u2019Agostino, Rosalba Pitruzzella, Riccardo Rovida, Alessandro Chiodi, Luigi Zeni. Optimization of the immunorecognition layer towards Brucella sp. on gold surface for SPR platform. Colloids and Surfaces B: Biointerfaces 231 (2023) 113577. <a href=\"https:\/\/doi.org\/10.1016\/j.colsurfb.2023.113577\" target=\"_blank\" rel=\"noopener noreferrer\" data-saferedirecturl=\"https:\/\/www.google.com\/url?q=https:\/\/doi.org\/10.1016\/j.colsurfb.2023.113577&amp;source=gmail&amp;ust=1711722097735000&amp;usg=AOvVaw3wVAjTacCEejGz_dJGXzBb\">https:\/\/doi.org\/10.1016\/j.cols<wbr \/>urfb.2023.113577<\/a><\/p>\n<p>3. Laura Pasquardini, Nunzio Cennamo, Francesco Arcadio, Chiara Perri, Alessandro Chiodi , Girolamo D\u2019agostino, Luigi Zeni. Immuno\u2011SPR biosensor for the detection of Brucella abortus. Scientific Reports (2023) 13:22832.\u00a0<a href=\"https:\/\/doi.org\/10.1038\/s41598-023-50344-5\" target=\"_blank\" rel=\"noopener noreferrer\" data-saferedirecturl=\"https:\/\/www.google.com\/url?q=https:\/\/doi.org\/10.1038\/s41598-023-50344-5&amp;source=gmail&amp;ust=1711722097735000&amp;usg=AOvVaw2HZReZzVchD1Igij3j7tfp\">https:\/\/doi.org\/10.1038\/s41598<wbr \/>-023-50344-5<\/a><\/p>\n<h3>2022<\/h3>\n<p>1. Pasquardini, L; Cennamo, N; Arcadio, F; Zeni. A Review of Apta-POF-Sensors: The Successful Coupling between Aptamers and Plastic Optical Fibers for Biosensing Applications. Applied Science, 2022, 12,9. DOI:10.3390\/app12094584<\/p>\n<h3>2021<\/h3>\n<p>1. Laura Pasquardini, Nunzio Cennamo, Giuseppe Malleo, Lia Vanzetti, Luigi Zeni, Deborah Bonamini, Roberto Salvia, Claudio Bassi and Alessandra Maria Bossi. A Surface Plasmon Resonance Plastic Optical Fiber Biosensor for the Detection of Pancreatic Amylase in Surgically-Placed Drain Effluent. Sensors 2021, 21(10), 3443; https:\/\/doi.org\/10.3390\/s21103443<br \/>\n2. Book Chapter \u201cThe search for peptide epitopes for molecular imprinting through bioinformatics.\u201d Alessandra Maria Bossi and Laura Pasquardini in Molecularly Imprinted Polymers, Methods and Protocols, Editors: Mart\u00edn-Esteban, Antonio (Ed.) Springer US 2359 https:\/\/www.springer.com\/gp\/book\/9781071616284<br \/>\n3. Nunzio Cennamo, Laura Pasquardini, Francesco Arcadio, Lorenzo Lunelli, Lia Vanzetti, Vincenzo Carafa, Lucia Altucci, and Luigi Zeni. SARS-CoV-2 spike protein detection through a plasmonic D-shaped plastic optical fiber aptasensor.<br \/>\nTalanta 2021 Volume 233, 122532, https:\/\/doi.org\/10.1016\/j.talanta.2021.122532<br \/>\n4. Laura Pasquardini and Alessandra Maria Bossi. Molecularly imprinted polymers by epitope imprinting: a journey from molecular interactions to the available bioinformatics resources to scout for epitope templates. Analytical and Bioanalytical Chemistry 2021, https:\/\/doi.org\/10.1007\/s00216-021-03409-1<br \/>\n5. Pasquardini, L.; Cennamo, N.; Zeni, L. Aptamer-Based Plasmonic Plastic Optical Fiber Biosensors: A Focus on Relevant Applications. Eng. Proc. 2021, 11, 19. https:\/\/doi.org\/10.3390\/ASEC2021-11158<br \/>\n6. Nunzio Cennamo, Girolamo D\u2019Agostino, Laura Pasquardini, Francesco Arcadio, Chiara Perri, Nicola Coppola, Italo Francesco Angelillo, Lucia Altucci, Francesco Di Marzo, Eva Maria Parisio, Giulio Camarlinghi, Luigi Zeni.<br \/>\n(INVITED) Quantitative detection of SARS-CoV-2 virions in aqueous mediums by IoT optical fiber sensors. Results in Optics 5 (2021) 100177<\/p>\n<h3>2020<\/h3>\n<p>1. Chiappini, A., Pasquardini, L., Bossi, A.M., \u201cMolecular imprinted polymers coupled to photonic structures in biosensors: The state of art\u201d. Sensors, 2020, 20 (18), pp. 1-23, 5069 https:\/\/doi.org\/10.3390\/s20185069<br \/>\n2. Book Chapter 5 \u201c3-D photonic crystals, inverse opals\u201d from Maurizio Ferrari in \u201cSol-Gel Derived Optical and Photonic Materials 1st Edition\u201d, Editors: Rui Almeida Alessandro Martucci Luis Santos Roc\u00edo Estefan\u00eda Rojas Hern\u00e1ndez.<br \/>\nPaperback ISBN: 9780128180198, Imprint: Woodhead Publishing, Published Date: 25th November 2020 https:\/\/www.elsevier.com\/books\/sol-gel-derived-optical-and-photonic-materials\/almeida\/978-0-12-818019-8<\/p>\n<h3>2019<\/h3>\n<p>1. Nunzio Cennamo, Laura Pasquardini, Francesco Arcadio, Lia E. Vanzetti, Alessandra Maria Bossi &amp; Luigi Zeni, \u201cD-shaped plastic optical fibre aptasensor for fast thrombin detection in nanomolar range\u201d, Scientific Reports, volume 9, 18740 (2019) https:\/\/www.nature.com\/articles\/s41598-019-55248-x<\/p>\n<\/div><\/section>\n","protected":false},"excerpt":{"rendered":"","protected":false},"author":1,"featured_media":0,"parent":0,"menu_order":0,"comment_status":"closed","ping_status":"closed","template":"","meta":{"footnotes":""},"class_list":["post-4028","page","type-page","status-publish","hentry"],"yoast_head":"<!-- This site is optimized with the Yoast SEO plugin v27.4 - https:\/\/yoast.com\/product\/yoast-seo-wordpress\/ -->\n<title>Nostre Pubblicazioni - R&amp;D - Outsourced Research and Development - Indivenire<\/title>\n<meta name=\"robots\" content=\"index, follow, max-snippet:-1, max-image-preview:large, max-video-preview:-1\" \/>\n<link rel=\"canonical\" href=\"https:\/\/indiveni.re\/it\/nostre-pubblicazioni\/\" \/>\n<meta property=\"og:locale\" content=\"it_IT\" \/>\n<meta property=\"og:type\" content=\"article\" \/>\n<meta property=\"og:title\" content=\"Nostre Pubblicazioni - R&amp;D - Outsourced Research and Development - Indivenire\" \/>\n<meta property=\"og:url\" content=\"https:\/\/indiveni.re\/it\/nostre-pubblicazioni\/\" \/>\n<meta property=\"og:site_name\" content=\"R&amp;D - Outsourced Research and Development - Indivenire\" \/>\n<meta property=\"article:publisher\" content=\"https:\/\/www.facebook.com\/Indivenire.science\/\" \/>\n<meta property=\"article:modified_time\" content=\"2025-04-23T10:41:56+00:00\" \/>\n<meta name=\"twitter:card\" content=\"summary_large_image\" \/>\n<meta name=\"twitter:label1\" content=\"Tempo di lettura stimato\" \/>\n\t<meta name=\"twitter:data1\" content=\"4 minuti\" \/>\n<script type=\"application\/ld+json\" class=\"yoast-schema-graph\">{\"@context\":\"https:\\\/\\\/schema.org\",\"@graph\":[{\"@type\":\"WebPage\",\"@id\":\"https:\\\/\\\/indiveni.re\\\/it\\\/nostre-pubblicazioni\\\/\",\"url\":\"https:\\\/\\\/indiveni.re\\\/it\\\/nostre-pubblicazioni\\\/\",\"name\":\"Nostre Pubblicazioni - R&amp;D - Outsourced Research and Development - Indivenire\",\"isPartOf\":{\"@id\":\"https:\\\/\\\/indiveni.re\\\/it\\\/#website\"},\"datePublished\":\"2021-09-30T10:28:18+00:00\",\"dateModified\":\"2025-04-23T10:41:56+00:00\",\"breadcrumb\":{\"@id\":\"https:\\\/\\\/indiveni.re\\\/it\\\/nostre-pubblicazioni\\\/#breadcrumb\"},\"inLanguage\":\"it-IT\",\"potentialAction\":[{\"@type\":\"ReadAction\",\"target\":[\"https:\\\/\\\/indiveni.re\\\/it\\\/nostre-pubblicazioni\\\/\"]}]},{\"@type\":\"BreadcrumbList\",\"@id\":\"https:\\\/\\\/indiveni.re\\\/it\\\/nostre-pubblicazioni\\\/#breadcrumb\",\"itemListElement\":[{\"@type\":\"ListItem\",\"position\":1,\"name\":\"Home\",\"item\":\"https:\\\/\\\/indiveni.re\\\/it\\\/\"},{\"@type\":\"ListItem\",\"position\":2,\"name\":\"Nostre Pubblicazioni\"}]},{\"@type\":\"WebSite\",\"@id\":\"https:\\\/\\\/indiveni.re\\\/it\\\/#website\",\"url\":\"https:\\\/\\\/indiveni.re\\\/it\\\/\",\"name\":\"Indivenire\",\"description\":\"R&amp;D - Ricerca e Sviluppo in outsourcing\",\"potentialAction\":[{\"@type\":\"SearchAction\",\"target\":{\"@type\":\"EntryPoint\",\"urlTemplate\":\"https:\\\/\\\/indiveni.re\\\/it\\\/?s={search_term_string}\"},\"query-input\":{\"@type\":\"PropertyValueSpecification\",\"valueRequired\":true,\"valueName\":\"search_term_string\"}}],\"inLanguage\":\"it-IT\"}]}<\/script>\n<!-- \/ Yoast SEO plugin. -->","yoast_head_json":{"title":"Nostre Pubblicazioni - R&amp;D - Outsourced Research and Development - Indivenire","robots":{"index":"index","follow":"follow","max-snippet":"max-snippet:-1","max-image-preview":"max-image-preview:large","max-video-preview":"max-video-preview:-1"},"canonical":"https:\/\/indiveni.re\/it\/nostre-pubblicazioni\/","og_locale":"it_IT","og_type":"article","og_title":"Nostre Pubblicazioni - R&amp;D - Outsourced Research and Development - Indivenire","og_url":"https:\/\/indiveni.re\/it\/nostre-pubblicazioni\/","og_site_name":"R&amp;D - Outsourced Research and Development - Indivenire","article_publisher":"https:\/\/www.facebook.com\/Indivenire.science\/","article_modified_time":"2025-04-23T10:41:56+00:00","twitter_card":"summary_large_image","twitter_misc":{"Tempo di lettura stimato":"4 minuti"},"schema":{"@context":"https:\/\/schema.org","@graph":[{"@type":"WebPage","@id":"https:\/\/indiveni.re\/it\/nostre-pubblicazioni\/","url":"https:\/\/indiveni.re\/it\/nostre-pubblicazioni\/","name":"Nostre Pubblicazioni - R&amp;D - Outsourced Research and Development - Indivenire","isPartOf":{"@id":"https:\/\/indiveni.re\/it\/#website"},"datePublished":"2021-09-30T10:28:18+00:00","dateModified":"2025-04-23T10:41:56+00:00","breadcrumb":{"@id":"https:\/\/indiveni.re\/it\/nostre-pubblicazioni\/#breadcrumb"},"inLanguage":"it-IT","potentialAction":[{"@type":"ReadAction","target":["https:\/\/indiveni.re\/it\/nostre-pubblicazioni\/"]}]},{"@type":"BreadcrumbList","@id":"https:\/\/indiveni.re\/it\/nostre-pubblicazioni\/#breadcrumb","itemListElement":[{"@type":"ListItem","position":1,"name":"Home","item":"https:\/\/indiveni.re\/it\/"},{"@type":"ListItem","position":2,"name":"Nostre Pubblicazioni"}]},{"@type":"WebSite","@id":"https:\/\/indiveni.re\/it\/#website","url":"https:\/\/indiveni.re\/it\/","name":"Indivenire","description":"R&amp;D - Ricerca e Sviluppo in outsourcing","potentialAction":[{"@type":"SearchAction","target":{"@type":"EntryPoint","urlTemplate":"https:\/\/indiveni.re\/it\/?s={search_term_string}"},"query-input":{"@type":"PropertyValueSpecification","valueRequired":true,"valueName":"search_term_string"}}],"inLanguage":"it-IT"}]}},"_links":{"self":[{"href":"https:\/\/indiveni.re\/it\/wp-json\/wp\/v2\/pages\/4028","targetHints":{"allow":["GET"]}}],"collection":[{"href":"https:\/\/indiveni.re\/it\/wp-json\/wp\/v2\/pages"}],"about":[{"href":"https:\/\/indiveni.re\/it\/wp-json\/wp\/v2\/types\/page"}],"author":[{"embeddable":true,"href":"https:\/\/indiveni.re\/it\/wp-json\/wp\/v2\/users\/1"}],"replies":[{"embeddable":true,"href":"https:\/\/indiveni.re\/it\/wp-json\/wp\/v2\/comments?post=4028"}],"version-history":[{"count":11,"href":"https:\/\/indiveni.re\/it\/wp-json\/wp\/v2\/pages\/4028\/revisions"}],"predecessor-version":[{"id":4180,"href":"https:\/\/indiveni.re\/it\/wp-json\/wp\/v2\/pages\/4028\/revisions\/4180"}],"wp:attachment":[{"href":"https:\/\/indiveni.re\/it\/wp-json\/wp\/v2\/media?parent=4028"}],"curies":[{"name":"wp","href":"https:\/\/api.w.org\/{rel}","templated":true}]}}